{"id":87,"date":"2019-01-23T13:25:49","date_gmt":"2019-01-23T13:25:49","guid":{"rendered":"http:\/\/ebixteam.com\/index.php\/product\/money-plant\/"},"modified":"2026-03-17T12:07:56","modified_gmt":"2026-03-17T17:07:56","slug":"modelamiento3d","status":"publish","type":"product","link":"https:\/\/ebixteam.com\/index.php\/product\/modelamiento3d\/","title":{"rendered":"Modelamiento 3D"},"content":{"rendered":"<ul>\n<li>Modelos 3D para Data Center<\/li>\n<li>Modelo 3D para modelaci\u00f3n de productos<\/li>\n<li>Modelo 3D para presentaci\u00f3n de informes<\/li>\n<li>Modelos 3D para sistemas m\u00e9dicos\/ laboratorios \/ odontol\u00f3gicos<\/li>\n<li>Modelos 3d de veh\u00edculos<\/li>\n<li>Modelos de tu empresa en 3D<\/li>\n<li>Modelos 3D para BIG DATA \/ IoT<\/li>\n<li>Modelos 3D para edificios inteligentes con integraci\u00f3n de sistemas de acceso\/CCTV<\/li>\n<li>Modelos 3D de piezas mec\u00e1nicas<\/li>\n<\/ul>\n","protected":false},"excerpt":{"rendered":"<p>Necesitas hacer mas vendible tu producto de manera remota? Necesitas modelar tu empresa para controlar la producci\u00f3n remotamente ? El modelamiento 3D te permitir\u00e1 tener una visi\u00f3n gr\u00e1fica muy real de tus productos mejorando la experiencia tecnol\u00f3gica de tus clientes , as\u00ed como presentar tu empresa en modelos gr\u00e1ficos monitoreando los procesos e indicadores de manera remota desde tu dispositivo m\u00f3vil u ordenador<\/p>\n","protected":false},"featured_media":904,"comment_status":"open","ping_status":"closed","template":"","meta":{"spay_email":"","jetpack_publicize_message":""},"jetpack_publicize_connections":[],"_links":{"self":[{"href":"https:\/\/ebixteam.com\/index.php\/wp-json\/wp\/v2\/product\/87"}],"collection":[{"href":"https:\/\/ebixteam.com\/index.php\/wp-json\/wp\/v2\/product"}],"about":[{"href":"https:\/\/ebixteam.com\/index.php\/wp-json\/wp\/v2\/types\/product"}],"replies":[{"embeddable":true,"href":"https:\/\/ebixteam.com\/index.php\/wp-json\/wp\/v2\/comments?post=87"}],"version-history":[{"count":3,"href":"https:\/\/ebixteam.com\/index.php\/wp-json\/wp\/v2\/product\/87\/revisions"}],"predecessor-version":[{"id":1090,"href":"https:\/\/ebixteam.com\/index.php\/wp-json\/wp\/v2\/product\/87\/revisions\/1090"}],"wp:featuredmedia":[{"embeddable":true,"href":"https:\/\/ebixteam.com\/index.php\/wp-json\/wp\/v2\/media\/904"}],"wp:attachment":[{"href":"https:\/\/ebixteam.com\/index.php\/wp-json\/wp\/v2\/media?parent=87"}],"curies":[{"name":"wp","href":"https:\/\/api.w.org\/{rel}","templated":true}]}}