{"id":86,"date":"2019-01-23T13:24:06","date_gmt":"2019-01-23T13:24:06","guid":{"rendered":"http:\/\/ebixteam.com\/index.php\/product\/aluminum-plant\/"},"modified":"2026-04-03T17:52:08","modified_gmt":"2026-04-03T22:52:08","slug":"monitoreo","status":"publish","type":"product","link":"https:\/\/ebixteam.com\/index.php\/product\/monitoreo\/","title":{"rendered":"Sistemas de Monitoreo"},"content":{"rendered":"<ul>\n<li>Monitoreo de redes SNMP<\/li>\n<li>Monitoreo de sistemas de virtualizaci\u00f3n \/ backups \/DRAAS<\/li>\n<li>Monitoreo de estaciones de trabajo \/ impresoras \/ servidores f\u00edsicos \/ Wireless<\/li>\n<li>Monitoreo de sistemas electricos \/ climatizaci\u00f3n<\/li>\n<li>Monitoreo de c\u00e1maras y controles de acceso<\/li>\n<li>Monitoreo de Bases de Datos \/ Aplicaciones\/ procesos \/puertos<\/li>\n<li>Monitoreo de Big Data \/ Iot<\/li>\n<li>Monitoreo de P\u00e1ginas Web<\/li>\n<li>Monitoreo de Niveles de disponilidad e indicadores claves<\/li>\n<\/ul>\n","protected":false},"excerpt":{"rendered":"<p>Deseas tener el control de tu empresa de manera remota? Los sistemas de monitoreo que has cotizado son demasiado costosos por las licencias de software?\u00a0 Te asesoramos e implementamos el monitoreo de tu empresa\u00a0 con sistem\u00e1s de c\u00f3digo abierto sin restricci\u00f3n de dispositivos o licencias\u00a0 instalado en tus recursos propios\/nube teniendo dashboard personalizados para tu administraci\u00f3n capacitando a tu personal para que no dependas de un proveedor.<\/p>\n","protected":false},"featured_media":1011,"comment_status":"open","ping_status":"closed","template":"","meta":{"spay_email":"","jetpack_publicize_message":""},"jetpack_publicize_connections":[],"_links":{"self":[{"href":"https:\/\/ebixteam.com\/index.php\/wp-json\/wp\/v2\/product\/86"}],"collection":[{"href":"https:\/\/ebixteam.com\/index.php\/wp-json\/wp\/v2\/product"}],"about":[{"href":"https:\/\/ebixteam.com\/index.php\/wp-json\/wp\/v2\/types\/product"}],"replies":[{"embeddable":true,"href":"https:\/\/ebixteam.com\/index.php\/wp-json\/wp\/v2\/comments?post=86"}],"version-history":[{"count":5,"href":"https:\/\/ebixteam.com\/index.php\/wp-json\/wp\/v2\/product\/86\/revisions"}],"predecessor-version":[{"id":1089,"href":"https:\/\/ebixteam.com\/index.php\/wp-json\/wp\/v2\/product\/86\/revisions\/1089"}],"wp:featuredmedia":[{"embeddable":true,"href":"https:\/\/ebixteam.com\/index.php\/wp-json\/wp\/v2\/media\/1011"}],"wp:attachment":[{"href":"https:\/\/ebixteam.com\/index.php\/wp-json\/wp\/v2\/media?parent=86"}],"curies":[{"name":"wp","href":"https:\/\/api.w.org\/{rel}","templated":true}]}}