{"id":85,"date":"2019-01-23T13:22:49","date_gmt":"2019-01-23T13:22:49","guid":{"rendered":"http:\/\/ebixteam.com\/index.php\/product\/boncellensis-secullant\/"},"modified":"2024-12-24T22:08:49","modified_gmt":"2024-12-25T03:08:49","slug":"softwarededicado","status":"publish","type":"product","link":"https:\/\/ebixteam.com\/index.php\/product\/softwarededicado\/","title":{"rendered":"Software dedicado"},"content":{"rendered":"<p>El sistema incluye:<\/p>\n<ul>\n<li>Levantamiento de procesos<\/li>\n<li>Reuniones semanales con el cliente para validaci\u00f3n de requerimientos<\/li>\n<li>Creaci\u00f3n y personalizaci\u00f3n de software en arquitecturas seguras y escalables<\/li>\n<li>Desarrollo de software con sistemas de c\u00f3digo abierto<\/li>\n<li>An\u00e1lisis de vulnerabilidades para control de seguridad<\/li>\n<li>Creaci\u00f3n de paneles de administraci\u00f3n<\/li>\n<li>Dashboard para manejo gerencial<\/li>\n<li>Pruebas y Documentaci\u00f3n<\/li>\n<li>Acompa\u00f1amiento y Capacitaci\u00f3n<\/li>\n<\/ul>\n","protected":false},"excerpt":{"rendered":"<p>Ninguno de los software en el mercado se adaptan a la operaci\u00f3n de tu negocio? Los software que te ofrecen son demasiados costosos para tu empresa? Realizamos software dedicado para tu empresa , desde el levantamiento de procesos aplicando normativas y buenas pr\u00e1cticas acorde a tu operaci\u00f3n. El software dedicado te permitir\u00e1 tener una arquitectura totalmente amigable con el usario y 100% escalable para cambiar el flujo del mismo en cualquier momento as\u00ed como integrarlo con las soluciones actuales del mercado como: Aplicativos m\u00f3viles , E COMMERCE, Iot, Big Data.<\/p>\n","protected":false},"featured_media":1014,"comment_status":"open","ping_status":"closed","template":"","meta":{"spay_email":"","jetpack_publicize_message":""},"jetpack_publicize_connections":[],"_links":{"self":[{"href":"https:\/\/ebixteam.com\/index.php\/wp-json\/wp\/v2\/product\/85"}],"collection":[{"href":"https:\/\/ebixteam.com\/index.php\/wp-json\/wp\/v2\/product"}],"about":[{"href":"https:\/\/ebixteam.com\/index.php\/wp-json\/wp\/v2\/types\/product"}],"replies":[{"embeddable":true,"href":"https:\/\/ebixteam.com\/index.php\/wp-json\/wp\/v2\/comments?post=85"}],"version-history":[{"count":3,"href":"https:\/\/ebixteam.com\/index.php\/wp-json\/wp\/v2\/product\/85\/revisions"}],"predecessor-version":[{"id":1093,"href":"https:\/\/ebixteam.com\/index.php\/wp-json\/wp\/v2\/product\/85\/revisions\/1093"}],"wp:featuredmedia":[{"embeddable":true,"href":"https:\/\/ebixteam.com\/index.php\/wp-json\/wp\/v2\/media\/1014"}],"wp:attachment":[{"href":"https:\/\/ebixteam.com\/index.php\/wp-json\/wp\/v2\/media?parent=85"}],"curies":[{"name":"wp","href":"https:\/\/api.w.org\/{rel}","templated":true}]}}