{"id":84,"date":"2019-01-23T13:20:21","date_gmt":"2019-01-23T13:20:21","guid":{"rendered":"http:\/\/ebixteam.com\/index.php\/product\/green-soil-lotus\/"},"modified":"2023-07-06T07:51:59","modified_gmt":"2023-07-06T12:51:59","slug":"softwarecompartido","status":"publish","type":"product","link":"https:\/\/ebixteam.com\/index.php\/product\/softwarecompartido\/","title":{"rendered":"Software compartido"},"content":{"rendered":"<p>El sistema incluye:<\/p>\n<ul>\n<li>Pago mensual<\/li>\n<li>Montaje en arquitecturas seguras y escalables<\/li>\n<li>Desarrollo de software con sistemas de c\u00f3digo abierto<\/li>\n<li>An\u00e1lisis de vulnerabilidades para control de seguridad<\/li>\n<li>Dashboard para manejo gerencial<\/li>\n<li>Acompa\u00f1amiento y Capacitaci\u00f3n<\/li>\n<li>Validaci\u00f3n de integraci\u00f3n con redes sociales<\/li>\n<\/ul>\n","protected":false},"excerpt":{"rendered":"<p>Los software fueron realizados por programadores y no conforme a la operaci\u00f3n del negocio? Desear\u00edas tener un software de pago por consumo a un valor m\u00ednimo? El software compartido permite amenorar costos , la ventaja es que cuenta con arquitectura robusta y esta modelado en base a la normativa ecuatoriana conforme al negocio de tu empresa. El sistema aplica por pago mensual y si ya no deseas usar \u00fanicamente suspendes el pago.<\/p>\n","protected":false},"featured_media":1017,"comment_status":"open","ping_status":"closed","template":"","meta":{"spay_email":"","jetpack_publicize_message":""},"jetpack_publicize_connections":[],"_links":{"self":[{"href":"https:\/\/ebixteam.com\/index.php\/wp-json\/wp\/v2\/product\/84"}],"collection":[{"href":"https:\/\/ebixteam.com\/index.php\/wp-json\/wp\/v2\/product"}],"about":[{"href":"https:\/\/ebixteam.com\/index.php\/wp-json\/wp\/v2\/types\/product"}],"replies":[{"embeddable":true,"href":"https:\/\/ebixteam.com\/index.php\/wp-json\/wp\/v2\/comments?post=84"}],"version-history":[{"count":3,"href":"https:\/\/ebixteam.com\/index.php\/wp-json\/wp\/v2\/product\/84\/revisions"}],"predecessor-version":[{"id":1092,"href":"https:\/\/ebixteam.com\/index.php\/wp-json\/wp\/v2\/product\/84\/revisions\/1092"}],"wp:featuredmedia":[{"embeddable":true,"href":"https:\/\/ebixteam.com\/index.php\/wp-json\/wp\/v2\/media\/1017"}],"wp:attachment":[{"href":"https:\/\/ebixteam.com\/index.php\/wp-json\/wp\/v2\/media?parent=84"}],"curies":[{"name":"wp","href":"https:\/\/api.w.org\/{rel}","templated":true}]}}