{"id":83,"date":"2019-01-23T13:18:02","date_gmt":"2019-01-23T13:18:02","guid":{"rendered":"http:\/\/ebixteam.com\/index.php\/product\/piorro-quisquam\/"},"modified":"2023-07-05T13:16:59","modified_gmt":"2023-07-05T18:16:59","slug":"proyectotecnologico","status":"publish","type":"product","link":"https:\/\/ebixteam.com\/index.php\/product\/proyectotecnologico\/","title":{"rendered":"Proyectos tecnol\u00f3gicos"},"content":{"rendered":"<p>El proyecto incluye:<\/p>\n<ul>\n<li>Levantamiento de requerimientos del proyecto<\/li>\n<li>Reuniones semanales con el cliente para validaci\u00f3n de requerimientos<\/li>\n<li>Creaci\u00f3n y personalizaci\u00f3n del proyecto en arquitecturas seguras y escalables<\/li>\n<li>Desarrollo del proyecto con sistemas de c\u00f3digo abierto<\/li>\n<li>An\u00e1lisis de vulnerabilidades para control de seguridad<\/li>\n<li>Asesor\u00eda para compra de equipos<\/li>\n<li>Dashboard para manejo gerencial<\/li>\n<li>Pruebas y Documentaci\u00f3n<\/li>\n<li>Acompa\u00f1amiento y Capacitaci\u00f3n<\/li>\n<\/ul>\n","protected":false},"excerpt":{"rendered":"<p>Deseas innovar tu negocio? Deseas una asesor\u00eda personalizado con gente de experiencia previa a la implementaci\u00f3n de tu proyecto? Nuestra empresa te brinda una asesor\u00eda personalizada para armar tu proyecto de tecnolog\u00eda sin ning\u00fan costo , escogiendo la mejor soluci\u00f3n t\u00e9cnica-econ\u00f3mica, dandote asesor\u00eda para la compra de equipos y realizando el proyecto hasta que este conforme con el mismo. Proyectos: Arquitectura de soluciones Cloud , Sistemas de automatizaci\u00f3n, Sistemas de monitoreo , C\u00e1maras de seguridad y reconocimiento facial, Cableado estructurado, Integraci\u00f3n de aplicaciones para Base de datos , Big Data, aplicativos dedicados, Desarrollo de software en general . El costpo var\u00eda dependiendo del alcance del proyecto<\/p>\n","protected":false},"featured_media":1020,"comment_status":"open","ping_status":"closed","template":"","meta":{"spay_email":"","jetpack_publicize_message":""},"jetpack_publicize_connections":[],"_links":{"self":[{"href":"https:\/\/ebixteam.com\/index.php\/wp-json\/wp\/v2\/product\/83"}],"collection":[{"href":"https:\/\/ebixteam.com\/index.php\/wp-json\/wp\/v2\/product"}],"about":[{"href":"https:\/\/ebixteam.com\/index.php\/wp-json\/wp\/v2\/types\/product"}],"replies":[{"embeddable":true,"href":"https:\/\/ebixteam.com\/index.php\/wp-json\/wp\/v2\/comments?post=83"}],"version-history":[{"count":4,"href":"https:\/\/ebixteam.com\/index.php\/wp-json\/wp\/v2\/product\/83\/revisions"}],"predecessor-version":[{"id":1371,"href":"https:\/\/ebixteam.com\/index.php\/wp-json\/wp\/v2\/product\/83\/revisions\/1371"}],"wp:featuredmedia":[{"embeddable":true,"href":"https:\/\/ebixteam.com\/index.php\/wp-json\/wp\/v2\/media\/1020"}],"wp:attachment":[{"href":"https:\/\/ebixteam.com\/index.php\/wp-json\/wp\/v2\/media?parent=83"}],"curies":[{"name":"wp","href":"https:\/\/api.w.org\/{rel}","templated":true}]}}