{"id":82,"date":"2019-01-23T12:23:25","date_gmt":"2019-01-23T12:23:25","guid":{"rendered":"http:\/\/ebixteam.com\/index.php\/product\/rattle-snake-tail\/"},"modified":"2026-04-17T19:20:25","modified_gmt":"2026-04-18T00:20:25","slug":"asesoriadigital","status":"publish","type":"product","link":"https:\/\/ebixteam.com\/index.php\/product\/asesoriadigital\/","title":{"rendered":"Asesor\u00eda digital"},"content":{"rendered":"<p>La asesor\u00eda comprende:<\/p>\n<ul>\n<li>Gu\u00eda completa de las herramientas digitales acorde a tu negocio.<\/li>\n<li>Detalle de herramientas gratuitas \/ pagadas del mercado<\/li>\n<li>Marketing digital ( SEO, Marketing Online, SEM, Anal\u00edtica, Anuncios de redes sociales)<\/li>\n<li>Business Consulting ( Estrategia y Planificaci\u00f3n , Formaci\u00f3n legal, Desarrollo de negocio, Arquitecturas seguras en la nube, Mentor\u00eda)<\/li>\n<li>Acompa\u00f1amiento<\/li>\n<li>Validaci\u00f3n de aumento de ventas y retorno de la inversi\u00f3n<\/li>\n<\/ul>\n","protected":false},"excerpt":{"rendered":"<p>La ofrece te ofrece una asesor\u00eda personalizada para empezar tu negocio, nuestra recomendaci\u00f3n es que desde el inicio tu negocio debe estar enfocado con las nuevas tendencias tecnol\u00f3gicas del mercado para que tenga un correcto posicionamiento en redes de busqueda y sociales, adicional un buen marketing digital para que sea expandible a todos sus clientes y acorde al core de negocio que manejan.<\/p>\n","protected":false},"featured_media":1023,"comment_status":"open","ping_status":"closed","template":"","meta":{"spay_email":"","jetpack_publicize_message":""},"jetpack_publicize_connections":[],"_links":{"self":[{"href":"https:\/\/ebixteam.com\/index.php\/wp-json\/wp\/v2\/product\/82"}],"collection":[{"href":"https:\/\/ebixteam.com\/index.php\/wp-json\/wp\/v2\/product"}],"about":[{"href":"https:\/\/ebixteam.com\/index.php\/wp-json\/wp\/v2\/types\/product"}],"replies":[{"embeddable":true,"href":"https:\/\/ebixteam.com\/index.php\/wp-json\/wp\/v2\/comments?post=82"}],"version-history":[{"count":3,"href":"https:\/\/ebixteam.com\/index.php\/wp-json\/wp\/v2\/product\/82\/revisions"}],"predecessor-version":[{"id":1095,"href":"https:\/\/ebixteam.com\/index.php\/wp-json\/wp\/v2\/product\/82\/revisions\/1095"}],"wp:featuredmedia":[{"embeddable":true,"href":"https:\/\/ebixteam.com\/index.php\/wp-json\/wp\/v2\/media\/1023"}],"wp:attachment":[{"href":"https:\/\/ebixteam.com\/index.php\/wp-json\/wp\/v2\/media?parent=82"}],"curies":[{"name":"wp","href":"https:\/\/api.w.org\/{rel}","templated":true}]}}