{"id":80,"date":"2019-01-23T12:20:04","date_gmt":"2019-01-23T12:20:04","guid":{"rendered":"http:\/\/ebixteam.com\/index.php\/product\/star-cactus\/"},"modified":"2023-08-20T02:44:24","modified_gmt":"2023-08-20T07:44:24","slug":"c9001","status":"publish","type":"product","link":"https:\/\/ebixteam.com\/index.php\/product\/c9001\/","title":{"rendered":"Auditor ISO 9001:2015"},"content":{"rendered":"<p>El curso incluye:<\/p>\n<ul>\n<li>Curso de 10 horas de manera remota con instructor certificado\u00a0 ( Lunes a Mi\u00e9rcoles 18h30-22h00 \u00f3 2 S\u00e1bados 08h00-13h00)<\/li>\n<li>Talleres din\u00e1micos asociados a la norma<\/li>\n<li>Ejercicios pr\u00e1cticos de audit\u00f3ria<\/li>\n<li>Repositorio documental (Norma, Normas asociadas, Big Data, Est\u00e1ndar Six sigma, Formatos de informaci\u00f3n Documentada, indicadores, Procedimientos)<\/li>\n<li>Material del curso<\/li>\n<li>Asesor\u00eda para certificaciones nacionales e internacionales<\/li>\n<li>Certificado del curso<\/li>\n<\/ul>\n","protected":false},"excerpt":{"rendered":"<p>Este curso te ayudar\u00e1 a tener un contexto completo te\u00f3rico-pr\u00e1ctico de la\u00a0 NORMA ISO 9001: 2015 sus aplicaciones , normas, marcos de trabajo , est\u00e1ndares y buenas pr\u00e1cticas asociadas , de igual manera te formar\u00e1 como auditor l\u00edder para que puedas rendir certificaciones asociadas, adicional se dar\u00e1 en el curso la gu\u00eda para certificar el est\u00e1ndar en tu empresa o estar preparad@ para la auditor\u00eda y por ultimo se dar\u00e1 un repositorio documental con ejercicios , norma, plantillas para certificaci\u00f3n , modelos de trabajo de seguimiento.<\/p>\n","protected":false},"featured_media":1028,"comment_status":"open","ping_status":"closed","template":"","meta":{"spay_email":"","jetpack_publicize_message":""},"jetpack_publicize_connections":[],"_links":{"self":[{"href":"https:\/\/ebixteam.com\/index.php\/wp-json\/wp\/v2\/product\/80"}],"collection":[{"href":"https:\/\/ebixteam.com\/index.php\/wp-json\/wp\/v2\/product"}],"about":[{"href":"https:\/\/ebixteam.com\/index.php\/wp-json\/wp\/v2\/types\/product"}],"replies":[{"embeddable":true,"href":"https:\/\/ebixteam.com\/index.php\/wp-json\/wp\/v2\/comments?post=80"}],"version-history":[{"count":3,"href":"https:\/\/ebixteam.com\/index.php\/wp-json\/wp\/v2\/product\/80\/revisions"}],"predecessor-version":[{"id":1099,"href":"https:\/\/ebixteam.com\/index.php\/wp-json\/wp\/v2\/product\/80\/revisions\/1099"}],"wp:featuredmedia":[{"embeddable":true,"href":"https:\/\/ebixteam.com\/index.php\/wp-json\/wp\/v2\/media\/1028"}],"wp:attachment":[{"href":"https:\/\/ebixteam.com\/index.php\/wp-json\/wp\/v2\/media?parent=80"}],"curies":[{"name":"wp","href":"https:\/\/api.w.org\/{rel}","templated":true}]}}