{"id":52,"date":"2019-01-23T10:58:30","date_gmt":"2019-01-23T10:58:30","guid":{"rendered":"http:\/\/ebixteam.com\/index.php\/product\/cleistocactus\/"},"modified":"2023-07-18T10:11:15","modified_gmt":"2023-07-18T15:11:15","slug":"sixsigma","status":"publish","type":"product","link":"https:\/\/ebixteam.com\/index.php\/product\/sixsigma\/","title":{"rendered":"LEAN SIX SIGMA GREEN BELT"},"content":{"rendered":"<ul>\n<li>Curso de 10 horas de manera remota con instructor certificado\u00a0 ( Lunes a Mi\u00e9rcoles 18h30-22h00 \u00f3 2 S\u00e1bados 08h00-13h00)<\/li>\n<li>Talleres din\u00e1micos asociados a la metodolog\u00eda<\/li>\n<li>Ejercicios pr\u00e1cticos<\/li>\n<li>Repositorio documental (Metodolog\u00eda , Normas asociadas, Big Data, Formatos de informaci\u00f3n Documentada, indicadores, Procedimientos)<\/li>\n<li>Material del curso<\/li>\n<li>Asesor\u00eda para certificaciones nacionales e internacionales<\/li>\n<li>Certificado del curso<\/li>\n<\/ul>\n","protected":false},"excerpt":{"rendered":"<p>Este curso te ayudar\u00e1 a tener un contexto completo te\u00f3rico-pr\u00e1ctico de la\u00a0 METODOLOG\u00cdA SIX SIGMA sus aplicaciones , normas, marcos de trabajo , est\u00e1ndares y buenas pr\u00e1cticas asociadas , de igual manera te dar\u00e1 una gu\u00eda de las certificaciones y niveles de la mismas, adicional se dar\u00e1 en el curso la metodolog\u00eda LEAN SIZ SIGMA GREEN BELT\u00a0 para aplicar el modelo en tu empresa y por ultimo se dar\u00e1 un repositorio documental con ejercicios , metodolog\u00eda , plantillas de aplicaci\u00f3n\u00a0 , modelos de trabajo de seguimiento.<\/p>\n","protected":false},"featured_media":1034,"comment_status":"open","ping_status":"closed","template":"","meta":{"spay_email":"","jetpack_publicize_message":""},"jetpack_publicize_connections":[],"_links":{"self":[{"href":"https:\/\/ebixteam.com\/index.php\/wp-json\/wp\/v2\/product\/52"}],"collection":[{"href":"https:\/\/ebixteam.com\/index.php\/wp-json\/wp\/v2\/product"}],"about":[{"href":"https:\/\/ebixteam.com\/index.php\/wp-json\/wp\/v2\/types\/product"}],"replies":[{"embeddable":true,"href":"https:\/\/ebixteam.com\/index.php\/wp-json\/wp\/v2\/comments?post=52"}],"version-history":[{"count":3,"href":"https:\/\/ebixteam.com\/index.php\/wp-json\/wp\/v2\/product\/52\/revisions"}],"predecessor-version":[{"id":1105,"href":"https:\/\/ebixteam.com\/index.php\/wp-json\/wp\/v2\/product\/52\/revisions\/1105"}],"wp:featuredmedia":[{"embeddable":true,"href":"https:\/\/ebixteam.com\/index.php\/wp-json\/wp\/v2\/media\/1034"}],"wp:attachment":[{"href":"https:\/\/ebixteam.com\/index.php\/wp-json\/wp\/v2\/media?parent=52"}],"curies":[{"name":"wp","href":"https:\/\/api.w.org\/{rel}","templated":true}]}}