{"id":51,"date":"2019-01-23T10:58:34","date_gmt":"2019-01-23T10:58:34","guid":{"rendered":"http:\/\/ebixteam.com\/index.php\/product\/mini-san-pedro-cactus\/"},"modified":"2023-08-20T21:39:47","modified_gmt":"2023-08-21T02:39:47","slug":"scrum","status":"publish","type":"product","link":"https:\/\/ebixteam.com\/index.php\/product\/scrum\/","title":{"rendered":"SCRUM OWNER \/ MASTER \/ DEVELOPER"},"content":{"rendered":"<ul>\n<li>Curso de 10 horas de manera remota con instructor certificado\u00a0 ( Lunes a Mi\u00e9rcoles 18h30-22h00 \u00f3 2 S\u00e1bados 08h00-13h00)<\/li>\n<li>Talleres din\u00e1micos asociados al marco de trabajo<\/li>\n<li>Ejercicios pr\u00e1cticos<\/li>\n<li>Repositorio documental (Gu\u00eda , Normas asociadas, Big Data, Metodolog\u00edas \u00e1giles, Formatos de informaci\u00f3n Documentada, indicadores, Procedimientos)<\/li>\n<li>Material del curso<\/li>\n<li>Asesor\u00eda para certificaciones nacionales e internacionales<\/li>\n<li>Asesor\u00eda en herramientas de Desarrollo de Software<\/li>\n<li>Certificado del curso<\/li>\n<\/ul>\n","protected":false},"excerpt":{"rendered":"<p>Este curso te ayudar\u00e1 a tener un contexto completo te\u00f3rico-pr\u00e1ctico de la\u00a0 Marco de Trabajo\u00a0 SCRUM sus aplicaciones , normas, marcos de trabajo , est\u00e1ndares y buenas pr\u00e1cticas asociadas , de igual manera te formar\u00e1 de acuerdo al perfil que necesites MASTER\/OWNER\/DEVELOPER, adicional se dar\u00e1 en el curso la gu\u00eda para aplicar el modelo en tu empresa y por ultimo se dar\u00e1 un repositorio documental con ejercicios , gu\u00eda Scrum , plantillas , modelos de trabajo de seguimiento.<\/p>\n","protected":false},"featured_media":1032,"comment_status":"open","ping_status":"closed","template":"","meta":{"spay_email":"","jetpack_publicize_message":""},"jetpack_publicize_connections":[],"_links":{"self":[{"href":"https:\/\/ebixteam.com\/index.php\/wp-json\/wp\/v2\/product\/51"}],"collection":[{"href":"https:\/\/ebixteam.com\/index.php\/wp-json\/wp\/v2\/product"}],"about":[{"href":"https:\/\/ebixteam.com\/index.php\/wp-json\/wp\/v2\/types\/product"}],"replies":[{"embeddable":true,"href":"https:\/\/ebixteam.com\/index.php\/wp-json\/wp\/v2\/comments?post=51"}],"version-history":[{"count":3,"href":"https:\/\/ebixteam.com\/index.php\/wp-json\/wp\/v2\/product\/51\/revisions"}],"predecessor-version":[{"id":1103,"href":"https:\/\/ebixteam.com\/index.php\/wp-json\/wp\/v2\/product\/51\/revisions\/1103"}],"wp:featuredmedia":[{"embeddable":true,"href":"https:\/\/ebixteam.com\/index.php\/wp-json\/wp\/v2\/media\/1032"}],"wp:attachment":[{"href":"https:\/\/ebixteam.com\/index.php\/wp-json\/wp\/v2\/media?parent=51"}],"curies":[{"name":"wp","href":"https:\/\/api.w.org\/{rel}","templated":true}]}}