{"id":1391,"date":"2020-05-06T19:48:47","date_gmt":"2020-05-07T00:48:47","guid":{"rendered":"https:\/\/ebixteam.com\/?post_type=product&#038;p=1391"},"modified":"2026-01-05T08:07:57","modified_gmt":"2026-01-05T13:07:57","slug":"plataforma-integrada-plan-bronce","status":"publish","type":"product","link":"https:\/\/ebixteam.com\/index.php\/product\/plataforma-integrada-plan-bronce\/","title":{"rendered":"Asesor\u00eda e implementaci\u00f3n soluci\u00f3n integrada"},"content":{"rendered":"<p>Integra todo en una sola plataforma desde tu p\u00e1gina web:<\/p>\n<p>PLAN BRONCE<\/p>\n<ol>\n<li>Dominio Anual<\/li>\n<li>Alojamiento Web y panel de administraci\u00f3n<\/li>\n<li>Certificado de seguridad en sitio SSL<\/li>\n<li>Cuentas de correo corporativo<\/li>\n<li>Creaci\u00f3n y configuraci\u00f3n de Tienda Online ( N\u00famero de productos acorde al plan)<\/li>\n<li>Aplicativo m\u00f3vil de manejo de compras para administrador<\/li>\n<li>Integraci\u00f3n con redes sociales y actualizaci\u00f3n de Redes desde p\u00e1gina web<\/li>\n<li>Manejo de inventario de Productos<\/li>\n<li>Sistema de pago en l\u00ednea<\/li>\n<li>Dashboard de Pedidos \/ Ventas \/ Inventario \/Usuarios<\/li>\n<li>Sistema de pedidos y configuiraci\u00f3n de costos<\/li>\n<li>Aplicativo m\u00f3vil IOS\/ANDROID ( Plan Plata) &#8211;&gt; $499<\/li>\n<li>Aplicativo propio de la tienda ( Plan Oro)\u00a0 &#8211;&gt;&gt; $1500<\/li>\n<\/ol>\n<p>&nbsp;<\/p>\n","protected":false},"excerpt":{"rendered":"<p>Vendes por redes sociales? Perfecto es tu primero paso hacia la innovaci\u00f3n ahora debes integrar todo en una sola plataforma . La empresa te ofrece la oportunidad de integrar todo en una sola plataforma desde tu p\u00e1gina web , con certificado digitales de seguridad , cuentas de correo corporativo, creaci\u00f3n y configuraci\u00f3n de tiendas online y sincronizado con tus redes sociales , aplicativo m\u00f3vil para tu administraci\u00f3n de ventas , manejo de inventario con stock m\u00ednimo, sistemas de pago en l\u00ednea.<\/p>\n","protected":false},"featured_media":1392,"comment_status":"open","ping_status":"closed","template":"","meta":{"spay_email":"","jetpack_publicize_message":""},"jetpack_publicize_connections":[],"_links":{"self":[{"href":"https:\/\/ebixteam.com\/index.php\/wp-json\/wp\/v2\/product\/1391"}],"collection":[{"href":"https:\/\/ebixteam.com\/index.php\/wp-json\/wp\/v2\/product"}],"about":[{"href":"https:\/\/ebixteam.com\/index.php\/wp-json\/wp\/v2\/types\/product"}],"replies":[{"embeddable":true,"href":"https:\/\/ebixteam.com\/index.php\/wp-json\/wp\/v2\/comments?post=1391"}],"version-history":[{"count":6,"href":"https:\/\/ebixteam.com\/index.php\/wp-json\/wp\/v2\/product\/1391\/revisions"}],"predecessor-version":[{"id":1413,"href":"https:\/\/ebixteam.com\/index.php\/wp-json\/wp\/v2\/product\/1391\/revisions\/1413"}],"wp:featuredmedia":[{"embeddable":true,"href":"https:\/\/ebixteam.com\/index.php\/wp-json\/wp\/v2\/media\/1392"}],"wp:attachment":[{"href":"https:\/\/ebixteam.com\/index.php\/wp-json\/wp\/v2\/media?parent=1391"}],"curies":[{"name":"wp","href":"https:\/\/api.w.org\/{rel}","templated":true}]}}