{"id":15,"date":"2019-01-23T06:31:31","date_gmt":"2019-01-23T06:31:31","guid":{"rendered":"http:\/\/ebixteam.com\/index.php\/about-us\/"},"modified":"2020-06-30T14:35:18","modified_gmt":"2020-06-30T19:35:18","slug":"about-us","status":"publish","type":"page","link":"https:\/\/ebixteam.com\/index.php\/about-us\/","title":{"rendered":"Empresa"},"content":{"rendered":"\t\t<div data-elementor-type=\"wp-page\" data-elementor-id=\"15\" class=\"elementor elementor-15\" data-elementor-settings=\"[]\">\n\t\t\t<div class=\"elementor-inner\">\n\t\t\t\t<div class=\"elementor-section-wrap\">\n\t\t\t\t\t\t\t<section class=\"elementor-element elementor-element-d23281c elementor-section-stretched elementor-section-boxed elementor-section-height-default elementor-section-height-default elementor-section elementor-top-section\" data-id=\"d23281c\" data-element_type=\"section\" data-settings=\"{&quot;background_background&quot;:&quot;classic&quot;,&quot;stretch_section&quot;:&quot;section-stretched&quot;}\">\n\t\t\t\t\t\t<div class=\"elementor-container elementor-column-gap-default\">\n\t\t\t\t<div class=\"elementor-row\">\n\t\t\t\t<div class=\"elementor-element elementor-element-45df255a elementor-column elementor-col-100 elementor-top-column\" data-id=\"45df255a\" data-element_type=\"column\" data-settings=\"{&quot;background_background&quot;:&quot;slideshow&quot;,&quot;background_slideshow_gallery&quot;:[{&quot;id&quot;:866,&quot;url&quot;:&quot;https:\\\/\\\/ebixteam.com\\\/wp-content\\\/uploads\\\/2020\\\/04\\\/pagina_principal.jpg&quot;},{&quot;id&quot;:955,&quot;url&quot;:&quot;https:\\\/\\\/ebixteam.com\\\/wp-content\\\/uploads\\\/2020\\\/04\\\/acuerdo-con-tecnologia.jpg&quot;},{&quot;id&quot;:1086,&quot;url&quot;:&quot;https:\\\/\\\/ebixteam.com\\\/wp-content\\\/uploads\\\/2020\\\/04\\\/asesoria-digital1.jpg&quot;}],&quot;background_slideshow_loop&quot;:&quot;yes&quot;,&quot;background_slideshow_slide_duration&quot;:5000,&quot;background_slideshow_slide_transition&quot;:&quot;fade&quot;,&quot;background_slideshow_transition_duration&quot;:500}\">\n\t\t\t<div class=\"elementor-column-wrap  elementor-element-populated\">\n\t\t\t\t\t<div class=\"elementor-widget-wrap\">\n\t\t\t\t<div class=\"elementor-element elementor-element-916d8c0 elementor-widget elementor-widget-text-editor\" data-id=\"916d8c0\" data-element_type=\"widget\" data-widget_type=\"text-editor.default\">\n\t\t\t\t<div class=\"elementor-widget-container\">\n\t\t\t\t\t<div class=\"elementor-text-editor elementor-clearfix\"><h2 style=\"text-align: center;\">\u00a0<\/h2><h2 style=\"text-align: center;\"><span style=\"color: #ffffff;\"><strong>NUESTRA COMPANIA<\/strong><\/span><\/h2><\/div>\n\t\t\t\t<\/div>\n\t\t\t\t<\/div>\n\t\t\t\t<section class=\"elementor-element elementor-element-92fd112 elementor-section-full_width elementor-section-height-default elementor-section-height-default elementor-section elementor-inner-section\" data-id=\"92fd112\" data-element_type=\"section\" data-settings=\"{&quot;background_background&quot;:&quot;classic&quot;}\">\n\t\t\t\t\t\t<div class=\"elementor-container elementor-column-gap-default\">\n\t\t\t\t<div class=\"elementor-row\">\n\t\t\t\t<div class=\"elementor-element elementor-element-21e0f89 elementor-column elementor-col-100 elementor-inner-column\" data-id=\"21e0f89\" data-element_type=\"column\" data-settings=\"{&quot;background_background&quot;:&quot;classic&quot;}\">\n\t\t\t<div class=\"elementor-column-wrap  elementor-element-populated\">\n\t\t\t\t\t<div class=\"elementor-widget-wrap\">\n\t\t\t\t<div class=\"elementor-element elementor-element-fe85400 elementor-widget elementor-widget-text-editor\" data-id=\"fe85400\" data-element_type=\"widget\" data-widget_type=\"text-editor.default\">\n\t\t\t\t<div class=\"elementor-widget-container\">\n\t\t\t\t\t<div class=\"elementor-text-editor elementor-clearfix\"><p><strong>Nace en el a\u00f1o 2019 por la necesidad de ayudar a las medianas , peque\u00f1as empresas a alcanzar su m\u00e1ximo potencial a trav\u00e9s de las herramientas tecnol\u00f3gicas a costos razonables.<br><\/strong><\/p><\/div>\n\t\t\t\t<\/div>\n\t\t\t\t<\/div>\n\t\t\t\t\t\t<\/div>\n\t\t\t<\/div>\n\t\t<\/div>\n\t\t\t\t\t\t<\/div>\n\t\t\t<\/div>\n\t\t<\/section>\n\t\t\t\t<section class=\"elementor-element elementor-element-5144e021 elementor-section-full_width elementor-section-height-default elementor-section-height-default elementor-section elementor-inner-section\" data-id=\"5144e021\" data-element_type=\"section\" data-settings=\"{&quot;background_background&quot;:&quot;classic&quot;}\">\n\t\t\t\t\t\t<div class=\"elementor-container elementor-column-gap-default\">\n\t\t\t\t<div class=\"elementor-row\">\n\t\t\t\t<div class=\"elementor-element elementor-element-1070c39e elementor-column elementor-col-50 elementor-inner-column\" data-id=\"1070c39e\" data-element_type=\"column\">\n\t\t\t<div class=\"elementor-column-wrap  elementor-element-populated\">\n\t\t\t\t\t<div class=\"elementor-widget-wrap\">\n\t\t\t\t<div class=\"elementor-element elementor-element-14477a0 elementor-widget elementor-widget-text-editor\" data-id=\"14477a0\" data-element_type=\"widget\" data-widget_type=\"text-editor.default\">\n\t\t\t\t<div class=\"elementor-widget-container\">\n\t\t\t\t\t<div class=\"elementor-text-editor elementor-clearfix\"><p><strong>VISI\u00d3N<\/strong><\/p><p><strong>Ser el mejor aliado tecnol\u00f3gico para todo tipo de empresas utilizando las mejores herramientas del mercado apoyado en est\u00e1ndares\u00a0 y mejores `pr\u00e1cticas con el personal mas capacitado.<\/strong><\/p><\/div>\n\t\t\t\t<\/div>\n\t\t\t\t<\/div>\n\t\t\t\t<div class=\"elementor-element elementor-element-b2b82ae elementor-widget elementor-widget-text-editor\" data-id=\"b2b82ae\" data-element_type=\"widget\" data-widget_type=\"text-editor.default\">\n\t\t\t\t<div class=\"elementor-widget-container\">\n\t\t\t\t\t<div class=\"elementor-text-editor elementor-clearfix\"><p style=\"text-align: center;\"><strong><span style=\"color: #ffffff;\">\u201c<em>Yo creo que hay un poder en el interior de cada uno de nosotros\u2026.mientras m\u00e1s conectes con el Poder que hay dentro de ti, m\u00e1s libre estar\u00e1s en todos los \u00e1mbitos de la vida<\/em>\u201d.Louise L. Hay<\/span><\/strong><\/p><\/div>\n\t\t\t\t<\/div>\n\t\t\t\t<\/div>\n\t\t\t\t\t\t<\/div>\n\t\t\t<\/div>\n\t\t<\/div>\n\t\t\t\t<div class=\"elementor-element elementor-element-7c43b50b elementor-column elementor-col-50 elementor-inner-column\" data-id=\"7c43b50b\" data-element_type=\"column\">\n\t\t\t<div class=\"elementor-column-wrap  elementor-element-populated\">\n\t\t\t\t\t<div class=\"elementor-widget-wrap\">\n\t\t\t\t<div class=\"elementor-element elementor-element-59a1fa1 elementor-widget elementor-widget-text-editor\" data-id=\"59a1fa1\" data-element_type=\"widget\" data-widget_type=\"text-editor.default\">\n\t\t\t\t<div class=\"elementor-widget-container\">\n\t\t\t\t\t<div class=\"elementor-text-editor elementor-clearfix\"><p><strong>MISI\u00d3N<\/strong><\/p><p><strong>Asesorar, desarrollar e integrar soluciones tecnol\u00f3gicas integradas conforme a los requerimientos de nuestros clientes buscando la mejor alternativa con el compromiso , integridad , seguridad de nuestro personal.<\/strong><\/p><\/div>\n\t\t\t\t<\/div>\n\t\t\t\t<\/div>\n\t\t\t\t<div class=\"elementor-element elementor-element-3547e83 elementor-widget elementor-widget-text-editor\" data-id=\"3547e83\" data-element_type=\"widget\" data-widget_type=\"text-editor.default\">\n\t\t\t\t<div class=\"elementor-widget-container\">\n\t\t\t\t\t<div class=\"elementor-text-editor elementor-clearfix\"><p><strong>VALORES:<\/strong><\/p><ul><li><strong>Compromiso<\/strong><\/li><li><strong>Integridad<\/strong><\/li><li><strong>Honestidad<\/strong><\/li><li><strong>Responsabilidad<\/strong><\/li><\/ul><\/div>\n\t\t\t\t<\/div>\n\t\t\t\t<\/div>\n\t\t\t\t\t\t<\/div>\n\t\t\t<\/div>\n\t\t<\/div>\n\t\t\t\t\t\t<\/div>\n\t\t\t<\/div>\n\t\t<\/section>\n\t\t\t\t\t\t<\/div>\n\t\t\t<\/div>\n\t\t<\/div>\n\t\t\t\t\t\t<\/div>\n\t\t\t<\/div>\n\t\t<\/section>\n\t\t\t\t<section class=\"elementor-element elementor-element-41d8482 elementor-section-boxed elementor-section-height-default elementor-section-height-default elementor-section elementor-top-section\" data-id=\"41d8482\" data-element_type=\"section\" data-settings=\"{&quot;background_background&quot;:&quot;classic&quot;}\">\n\t\t\t\t\t\t<div class=\"elementor-container elementor-column-gap-default\">\n\t\t\t\t<div class=\"elementor-row\">\n\t\t\t\t<div class=\"elementor-element elementor-element-d83b9a9 elementor-column elementor-col-100 elementor-top-column\" data-id=\"d83b9a9\" data-element_type=\"column\">\n\t\t\t<div class=\"elementor-column-wrap  elementor-element-populated\">\n\t\t\t\t\t<div class=\"elementor-widget-wrap\">\n\t\t\t\t<section class=\"elementor-element elementor-element-6d6d9c6 elementor-section-boxed elementor-section-height-default elementor-section-height-default elementor-section elementor-inner-section\" data-id=\"6d6d9c6\" data-element_type=\"section\">\n\t\t\t\t\t\t<div class=\"elementor-container elementor-column-gap-default\">\n\t\t\t\t<div class=\"elementor-row\">\n\t\t\t\t<div class=\"elementor-element elementor-element-d55184b elementor-column elementor-col-100 elementor-inner-column\" data-id=\"d55184b\" data-element_type=\"column\">\n\t\t\t<div class=\"elementor-column-wrap  elementor-element-populated\">\n\t\t\t\t\t<div class=\"elementor-widget-wrap\">\n\t\t\t\t<div class=\"elementor-element elementor-element-fb0ae48 elementor-widget elementor-widget-heading\" data-id=\"fb0ae48\" data-element_type=\"widget\" data-widget_type=\"heading.default\">\n\t\t\t\t<div class=\"elementor-widget-container\">\n\t\t\t<h2 class=\"elementor-heading-title elementor-size-default\">Nuestro Equipo<\/h2>\t\t<\/div>\n\t\t\t\t<\/div>\n\t\t\t\t<div class=\"elementor-element elementor-element-c5507fd elementor-widget elementor-widget-text-editor\" data-id=\"c5507fd\" data-element_type=\"widget\" data-widget_type=\"text-editor.default\">\n\t\t\t\t<div class=\"elementor-widget-container\">\n\t\t\t\t\t<div class=\"elementor-text-editor elementor-clearfix\"><p><strong>Somos una red de profesionales comprometidos con la sociedad y con mas de 15 a\u00f1os de experiencia en el mercado en las mejores empresas nacionales y multinacionaless con diferentes capacidades\/certificaciones en el mundo digital para ayudarte a implementar tu soluci\u00f3n. Vis\u00edtanos en nuestras redes sociales!!<br \/><\/strong><\/p><\/div>\n\t\t\t\t<\/div>\n\t\t\t\t<\/div>\n\t\t\t\t\t\t<\/div>\n\t\t\t<\/div>\n\t\t<\/div>\n\t\t\t\t\t\t<\/div>\n\t\t\t<\/div>\n\t\t<\/section>\n\t\t\t\t<section class=\"elementor-element elementor-element-25cf9d7 elementor-section-boxed elementor-section-height-default elementor-section-height-default elementor-section elementor-inner-section\" data-id=\"25cf9d7\" data-element_type=\"section\">\n\t\t\t\t\t\t<div class=\"elementor-container elementor-column-gap-default\">\n\t\t\t\t<div class=\"elementor-row\">\n\t\t\t\t<div class=\"elementor-element elementor-element-9e045f0 elementor-column elementor-col-100 elementor-inner-column\" data-id=\"9e045f0\" data-element_type=\"column\">\n\t\t\t<div class=\"elementor-column-wrap  elementor-element-populated\">\n\t\t\t\t\t<div class=\"elementor-widget-wrap\">\n\t\t\t\t<div class=\"elementor-element elementor-element-3ad1cb4 elementor-widget elementor-widget-divider\" data-id=\"3ad1cb4\" data-element_type=\"widget\" data-widget_type=\"divider.default\">\n\t\t\t\t<div class=\"elementor-widget-container\">\n\t\t\t\t\t<div class=\"elementor-divider\">\n\t\t\t<span class=\"elementor-divider-separator\">\n\t\t\t\t\t\t<\/span>\n\t\t<\/div>\n\t\t\t\t<\/div>\n\t\t\t\t<\/div>\n\t\t\t\t<div class=\"elementor-element elementor-element-01358ea elementor-shape-circle elementor-widget elementor-widget-social-icons\" data-id=\"01358ea\" data-element_type=\"widget\" data-widget_type=\"social-icons.default\">\n\t\t\t\t<div class=\"elementor-widget-container\">\n\t\t\t\t\t<div class=\"elementor-social-icons-wrapper\">\n\t\t\t\t\t\t\t<a class=\"elementor-icon elementor-social-icon elementor-social-icon-linkedin-in elementor-repeater-item-68c50ac\" href=\"#\">\n\t\t\t\t\t<span class=\"elementor-screen-only\">Linkedin-in<\/span>\n\t\t\t\t\t<i class=\"fab fa-linkedin-in\"><\/i>\t\t\t\t<\/a>\n\t\t\t\t\t\t\t<a class=\"elementor-icon elementor-social-icon elementor-social-icon-twitter elementor-repeater-item-443080c\" href=\"#\">\n\t\t\t\t\t<span class=\"elementor-screen-only\">Twitter<\/span>\n\t\t\t\t\t<i class=\"fab fa-twitter\"><\/i>\t\t\t\t<\/a>\n\t\t\t\t\t\t\t<a class=\"elementor-icon elementor-social-icon elementor-social-icon-instagram elementor-repeater-item-65a1075\" href=\"#\">\n\t\t\t\t\t<span class=\"elementor-screen-only\">Instagram<\/span>\n\t\t\t\t\t<i class=\"fab fa-instagram\"><\/i>\t\t\t\t<\/a>\n\t\t\t\t\t\t\t<a class=\"elementor-icon elementor-social-icon elementor-social-icon-facebook-f elementor-repeater-item-7e85a60\" href=\"#\">\n\t\t\t\t\t<span class=\"elementor-screen-only\">Facebook-f<\/span>\n\t\t\t\t\t<i class=\"fab fa-facebook-f\"><\/i>\t\t\t\t<\/a>\n\t\t\t\t\t<\/div>\n\t\t\t\t<\/div>\n\t\t\t\t<\/div>\n\t\t\t\t\t\t<\/div>\n\t\t\t<\/div>\n\t\t<\/div>\n\t\t\t\t\t\t<\/div>\n\t\t\t<\/div>\n\t\t<\/section>\n\t\t\t\t\t\t<\/div>\n\t\t\t<\/div>\n\t\t<\/div>\n\t\t\t\t\t\t<\/div>\n\t\t\t<\/div>\n\t\t<\/section>\n\t\t\t\t\t\t<\/div>\n\t\t\t<\/div>\n\t\t<\/div>\n\t\t","protected":false},"excerpt":{"rendered":"<p>NUESTRA COMPANIA Nace en el a\u00f1o 2019 por la necesidad de ayudar a las medianas , peque\u00f1as empresas a alcanzar su m\u00e1ximo potencial a trav\u00e9s de las herramientas tecnol\u00f3gicas a costos razonables. VISI\u00d3N Ser el mejor aliado tecnol\u00f3gico para todo tipo de empresas utilizando las mejores herramientas del mercado apoyado en est\u00e1ndares&nbsp; y mejores `pr\u00e1cticas &hellip;<\/p>\n<p class=\"read-more\"> <a class=\"\" href=\"https:\/\/ebixteam.com\/index.php\/about-us\/\"> <span class=\"screen-reader-text\">Empresa<\/span> Leer m\u00e1s &raquo;<\/a><\/p>\n","protected":false},"author":1,"featured_media":0,"parent":0,"menu_order":0,"comment_status":"closed","ping_status":"closed","template":"","meta":{"spay_email":""},"uagb_featured_image_src":{"full":false,"thumbnail":false,"medium":false,"medium_large":false,"large":false,"1536x1536":false,"2048x2048":false,"woocommerce_thumbnail":false,"woocommerce_single":false,"woocommerce_gallery_thumbnail":false,"shop_catalog":false,"shop_single":false,"shop_thumbnail":false},"uagb_author_info":{"display_name":"EBIXTEAM","author_link":"https:\/\/ebixteam.com\/index.php\/author\/jescobar_34567hotmail-es\/"},"uagb_comment_info":0,"uagb_excerpt":"NUESTRA COMPANIA Nace en el a\u00f1o 2019 por la necesidad de ayudar a las medianas , peque\u00f1as empresas a alcanzar su m\u00e1ximo potencial a trav\u00e9s de las herramientas tecnol\u00f3gicas a costos razonables. VISI\u00d3N Ser el mejor aliado tecnol\u00f3gico para todo tipo de empresas utilizando las mejores herramientas del mercado apoyado en est\u00e1ndares&nbsp; y mejores `pr\u00e1cticas&hellip;","_links":{"self":[{"href":"https:\/\/ebixteam.com\/index.php\/wp-json\/wp\/v2\/pages\/15"}],"collection":[{"href":"https:\/\/ebixteam.com\/index.php\/wp-json\/wp\/v2\/pages"}],"about":[{"href":"https:\/\/ebixteam.com\/index.php\/wp-json\/wp\/v2\/types\/page"}],"author":[{"embeddable":true,"href":"https:\/\/ebixteam.com\/index.php\/wp-json\/wp\/v2\/users\/1"}],"replies":[{"embeddable":true,"href":"https:\/\/ebixteam.com\/index.php\/wp-json\/wp\/v2\/comments?post=15"}],"version-history":[{"count":26,"href":"https:\/\/ebixteam.com\/index.php\/wp-json\/wp\/v2\/pages\/15\/revisions"}],"predecessor-version":[{"id":1481,"href":"https:\/\/ebixteam.com\/index.php\/wp-json\/wp\/v2\/pages\/15\/revisions\/1481"}],"wp:attachment":[{"href":"https:\/\/ebixteam.com\/index.php\/wp-json\/wp\/v2\/media?parent=15"}],"curies":[{"name":"wp","href":"https:\/\/api.w.org\/{rel}","templated":true}]}}